{"id":9,"date":"2025-03-02T17:48:25","date_gmt":"2025-03-02T16:48:25","guid":{"rendered":"https:\/\/www.cub26ua.ufra.o2switch.site\/?page_id=9"},"modified":"2025-03-16T21:18:41","modified_gmt":"2025-03-16T20:18:41","slug":"accueil","status":"publish","type":"page","link":"https:\/\/www.cub26ua.ufra.o2switch.site\/","title":{"rendered":"ACCUEIL"},"content":{"rendered":"\n<h1 class=\"wp-block-heading has-text-align-center\"><strong>Acc\u00e9l\u00e9rez votre croissance digitale<\/strong><br><strong>en optimisant vos strat\u00e9gies en ligne !<\/strong><\/h1>\n\n\n\n<style>\n    .custom-separator {\n        display: flex;\n        align-items: center;\n        justify-content: center;\n    }\n    .custom-separator span {\n        width: 12px;\n        height: 12px;\n        background-color: #ff66c4;\n        border-radius: 50%;\n    }\n    .custom-separator hr {\n        width: 500px; \/* Longueur de la ligne *\/\n        border: none;\n        height: 2px;\n        background-color: #ff66c4;\n        margin: 0; \/* Emp\u00eache l'espace entre la ligne et les cercles *\/\n    }\n<\/style>\n\n<div class=\"custom-separator\">\n    <span><\/span> <!-- Cercle gauche -->\n    <hr>\n    <span><\/span> <!-- Cercle droit -->\n<\/div>\n\n\n\n<div class=\"wp-block-media-text has-media-on-the-right is-stacked-on-mobile\" style=\"grid-template-columns:auto 39%\"><div class=\"wp-block-media-text__content\">\n<h2 class=\"wp-block-heading\">DigiLab<\/h2>\n\n\n\n<p>Un m\u00e9dia digital cr\u00e9e pour accompagner votre pr\u00e9sence en ligne et vous informer des derni\u00e8res actualit\u00e9s du secteur.<\/p>\n\n\n\n<div class=\"wp-block-buttons is-layout-flex wp-block-buttons-is-layout-flex\">\n<div class=\"wp-block-button is-style-outline is-style-outline--1\"><a class=\"wp-block-button__link wp-element-button\" href=\"https:\/\/www.cub26ua.ufra.o2switch.site\/?page_id=88\" style=\"border-radius:4px\" target=\"_blank\" rel=\"noreferrer noopener\">Nous d\u00e9couvrir<\/a><\/div>\n<\/div>\n<\/div><figure class=\"wp-block-media-text__media\"><a href=\"https:\/\/www.cub26ua.ufra.o2switch.site\/?page_id=88\" target=\"_blank\" rel=\"Page-DigiLab\"><img loading=\"lazy\" decoding=\"async\" width=\"500\" height=\"346\" src=\"https:\/\/www.cub26ua.ufra.o2switch.site\/wp-content\/uploads\/2025\/03\/Croissance.png\" alt=\"\" class=\"wp-image-754 size-full\" srcset=\"https:\/\/www.cub26ua.ufra.o2switch.site\/wp-content\/uploads\/2025\/03\/Croissance.png 500w, https:\/\/www.cub26ua.ufra.o2switch.site\/wp-content\/uploads\/2025\/03\/Croissance-300x208.png 300w, https:\/\/www.cub26ua.ufra.o2switch.site\/wp-content\/uploads\/2025\/03\/Croissance-200x138.png 200w\" sizes=\"auto, (max-width: 500px) 100vw, 500px\" \/><\/a><\/figure><\/div>\n\n\n\n<style>\n    .custom-separator {\n        display: flex;\n        align-items: center;\n        justify-content: center;\n    }\n    .custom-separator span {\n        width: 12px;\n        height: 12px;\n        background-color: #ff66c4;\n        border-radius: 50%;\n    }\n    .custom-separator hr {\n        width: 500px; \/* Longueur de la ligne *\/\n        border: none;\n        height: 2px;\n        background-color: #ff66c4;\n        margin: 0; \/* Emp\u00eache l'espace entre la ligne et les cercles *\/\n    }\n<\/style>\n\n<div class=\"custom-separator\">\n    <span><\/span> <!-- Cercle gauche -->\n    <hr>\n    <span><\/span> <!-- Cercle droit -->\n<\/div>\n\n\n\n<div class=\"wp-block-media-text is-stacked-on-mobile\" style=\"grid-template-columns:34% auto\"><figure class=\"wp-block-media-text__media\"><a href=\"https:\/\/www.cub26ua.ufra.o2switch.site\/?page_id=12\" target=\"_blank\" rel=\"Page-Marketing-Digital\"><img loading=\"lazy\" decoding=\"async\" width=\"500\" height=\"463\" src=\"https:\/\/www.cub26ua.ufra.o2switch.site\/wp-content\/uploads\/2025\/03\/Ordinateur-1.png\" alt=\"\" class=\"wp-image-755 size-full\" srcset=\"https:\/\/www.cub26ua.ufra.o2switch.site\/wp-content\/uploads\/2025\/03\/Ordinateur-1.png 500w, https:\/\/www.cub26ua.ufra.o2switch.site\/wp-content\/uploads\/2025\/03\/Ordinateur-1-300x278.png 300w, https:\/\/www.cub26ua.ufra.o2switch.site\/wp-content\/uploads\/2025\/03\/Ordinateur-1-200x185.png 200w\" sizes=\"auto, (max-width: 500px) 100vw, 500px\" \/><\/a><\/figure><div class=\"wp-block-media-text__content\">\n<h2 class=\"wp-block-heading\">Le marketing digital, \u00e7a vous parle ?<\/h2>\n\n\n\n<p>Site Internet, application, newsletters, r\u00e9seaux sociaux&#8230; et bien d&rsquo;autres encore ! Le marketing digital rassemble l&rsquo;ensemble des canaux et plateformes num\u00e9riques utilis\u00e9s pour promouvoir des produits ou des services, et interagir avec ses clients.<\/p>\n\n\n\n<div class=\"wp-block-buttons is-layout-flex wp-block-buttons-is-layout-flex\">\n<div class=\"wp-block-button is-style-outline is-style-outline--2\"><a class=\"wp-block-button__link wp-element-button\" href=\"https:\/\/www.cub26ua.ufra.o2switch.site\/?page_id=12\" style=\"border-radius:5px\" target=\"_blank\" rel=\"noreferrer noopener\">Plus d\u2019informations<\/a><\/div>\n<\/div>\n<\/div><\/div>\n\n\n\n<style>\n    .custom-separator {\n        display: flex;\n        align-items: center;\n        justify-content: center;\n        padding: 40px 0; \/* Ajoute de l'espace au-dessus et en dessous *\/\n    }\n    .custom-separator span {\n        width: 12px;\n        height: 12px;\n        background-color: #ff66c4;\n        border-radius: 50%;\n    }\n    .custom-separator hr {\n        width: 500px; \/* Longueur de la ligne *\/\n        border: none;\n        height: 2px;\n        background-color: #ff66c4;\n        margin: 0; \/* Emp\u00eache l'espace entre la ligne et les cercles *\/\n    }\n<\/style>\n\n<div class=\"custom-separator\">\n    <span><\/span> <!-- Cercle gauche -->\n    <hr>\n    <span><\/span> <!-- Cercle droit -->\n<\/div>\n\n\n<div class=\"n2-section-smartslider fitvidsignore  n2_clear\" data-ssid=\"9\" tabindex=\"0\" role=\"region\" aria-label=\"Slider\"><div id=\"n2-ss-9-align\" class=\"n2-ss-align\"><div class=\"n2-padding\"><div id=\"n2-ss-9\" data-creator=\"Smart Slider 3\" data-responsive=\"fullwidth\" class=\"n2-ss-slider n2-ow n2-has-hover n2notransition  \">\n        <div class=\"n2-ss-slider-1 n2-ow\">\n            <div class=\"n2-ss-slider-2 n2-ow\">\n                <div class=\"n2-ss-slide-backgrounds n2-ow-all\"><div class=\"n2-ss-slide-background\" data-public-id=\"1\" data-mode=\"fill\"><div data-color=\"RGBA(255,255,255,0.5)\" style=\"background-color: RGBA(255,255,255,0.5);\" class=\"n2-ss-slide-background-color\"><\/div><\/div><\/div>                <div class=\"n2-ss-slider-3 n2-ow\">\n                    <svg xmlns=\"http:\/\/www.w3.org\/2000\/svg\" viewBox=\"0 0 1400 800\" data-related-device=\"desktopPortrait\" class=\"n2-ow n2-ss-preserve-size n2-ss-preserve-size--slider n2-ss-slide-limiter\"><\/svg><div data-first=\"1\" data-slide-duration=\"0\" data-id=\"19\" data-slide-public-id=\"1\" data-title=\"Block\" class=\"n2-ss-slide n2-ow  n2-ss-slide-19\"><div role=\"note\" class=\"n2-ss-slide--focus\" tabindex=\"-1\">Block<\/div><div class=\"n2-ss-layers-container n2-ss-slide-limiter n2-ow\"><div class=\"n2-ss-layer n2-ow n-uc-DBapo778Iz3H\" data-sstype=\"slide\" data-pm=\"default\"><div class=\"n2-ss-layer n2-ow n-uc-1f494b8b049b9\" data-pm=\"default\" data-sstype=\"content\" data-hasbackground=\"0\"><div class=\"n2-ss-section-main-content n2-ss-layer-with-background n2-ss-layer-content n2-ow n-uc-1f494b8b049b9-inner\"><div class=\"n2-ss-layer n2-ow n2-ss-layer--block n2-ss-has-self-align n2-ss-stretch-layer n-uc-15f1eb58946c9\" data-pm=\"normal\" data-href=\"https:\/\/www.cub26ua.ufra.o2switch.site\/?page_id=18\" tabindex=\"0\" role=\"button\" data-target=\"_blank\" data-n2click=\"url\" data-force-pointer=\"\" data-sstype=\"row\"><div class=\"n2-ss-layer-row n2-ss-layer-with-background n-uc-15f1eb58946c9-inner\"><div class=\"n2-ss-layer-row-inner \"><div class=\"n2-ss-layer n2-ow slider-texte n-uc-122c3cffdfbbd\" data-pm=\"default\" data-href=\"https:\/\/www.cub26ua.ufra.o2switch.site\/?page_id=18\" tabindex=\"0\" role=\"button\" data-target=\"_blank\" data-n2click=\"url\" data-force-pointer=\"\" data-sstype=\"col\"><div class=\"n2-ss-layer-col n2-ss-layer-with-background n2-ss-layer-content n-uc-122c3cffdfbbd-inner\"><div class=\"n2-ss-layer n2-ow slider-titre n-uc-16f12e7f77d03\" data-pm=\"normal\" data-sstype=\"layer\"><div id=\"n2-ss-9item1\" class=\"  n2-ss-item-content n2-ss-text n2-ow\" style=\"display:block;\"><a class=\"n2-ow n2-font-772d02f0be6adf6e596b447696934a87-hover \" style=\"display:block;\" target=\"_blank\" href=\"https:\/\/www.cub26ua.ufra.o2switch.site\/?page_id=18\">Le coin des actus pour rester au fait des derni\u00e8res tendances !<\/a><\/div><\/div><div class=\"n2-ss-layer n2-ow n-uc-1186ce3822316\" data-pm=\"normal\" data-sstype=\"layer\"><div class=\"n2-ss-item-content n2-ss-text n2-ow-all\"><div class=\"\"><p class=\"n2-font-d13cadb47e4070ef6c47697574754dfb-paragraph   \">Actualit\u00e9s, conseils, tutoriels, t\u00e9moignages, \u00e9tudes de cas\u2026 D\u00e9couvrez nos mille et une ressources !<\/p>\n<\/div><\/div><\/div><div class=\"n2-ss-layer n2-ow slider-boutton n-uc-172a85a0baccb n2-ss-layer--auto\" data-pm=\"normal\" data-sstype=\"layer\"><div class=\"n2-ss-button-container n2-ss-item-content n2-ow n2-font-b515b602f845472b45eb85dd63972f9c-link  n2-ss-nowrap n2-ss-button-container--non-full-width\"><a class=\"n2-style-a3a8a7820bf86d3f199e2fc97874b029-heading  n2-ow \" target=\"_blank\" href=\"https:\/\/www.cub26ua.ufra.o2switch.site\/?page_id=18\"><div><div>En savoir plus<\/div><\/div><\/a><\/div><\/div><\/div><\/div><div class=\"n2-ss-layer n2-ow n-uc-11de754ee47b0\" data-pm=\"default\" data-href=\"https:\/\/www.cub26ua.ufra.o2switch.site\/?page_id=18\" tabindex=\"0\" role=\"button\" data-target=\"_blank\" data-n2click=\"url\" data-force-pointer=\"\" data-sstype=\"col\"><div class=\"n2-ss-layer-col n2-ss-layer-with-background n2-ss-layer-content n-uc-11de754ee47b0-inner\"><div class=\"n2-ss-layer n2-ow n-uc-1cd84ff45978c\" data-pm=\"normal\" data-sstype=\"layer\"><div class=\" n2-ss-item-image-content n2-ss-item-content n2-ow-all\"><a target=\"_blank\" href=\"https:\/\/www.cub26ua.ufra.o2switch.site\/?page_id=18\"><img loading=\"lazy\" decoding=\"async\" id=\"n2-ss-9item4\" alt=\"\" class=\"skip-lazy\" width=\"500\" height=\"500\" data-skip-lazy=\"1\" src=\"\/\/www.cub26ua.ufra.o2switch.site\/wp-content\/uploads\/2025\/03\/ACTUS.png\" \/><\/a><\/div><\/div><\/div><\/div><\/div><\/div><\/div><div class=\"n2-ss-layer n2-ow n2-ss-layer--block n2-ss-has-self-align n-uc-1d656e80c6a57\" data-pm=\"normal\" data-sstype=\"row\"><div class=\"n2-ss-layer-row n2-ss-layer-with-background n-uc-1d656e80c6a57-inner\"><div class=\"n2-ss-layer-row-inner \"><div class=\"n2-ss-layer n2-ow n-uc-1afd2cf6801ab\" data-pm=\"default\" data-href=\"https:\/\/www.cub26ua.ufra.o2switch.site\/?page_id=20\" tabindex=\"0\" role=\"button\" data-target=\"_blank\" data-n2click=\"url\" data-force-pointer=\"\" data-sstype=\"col\"><div class=\"n2-ss-layer-col n2-ss-layer-with-background n2-ss-layer-content n-uc-1afd2cf6801ab-inner\"><div class=\"n2-ss-layer n2-ow n-uc-1d7b35f5c6e89\" data-pm=\"normal\" data-sstype=\"layer\"><div class=\" n2-ss-item-image-content n2-ss-item-content n2-ow-all\"><a target=\"_blank\" href=\"https:\/\/www.cub26ua.ufra.o2switch.site\/?page_id=20\"><img loading=\"lazy\" decoding=\"async\" id=\"n2-ss-9item5\" alt=\"\" class=\"skip-lazy\" width=\"500\" height=\"500\" data-skip-lazy=\"1\" src=\"\/\/www.cub26ua.ufra.o2switch.site\/wp-content\/uploads\/2025\/03\/TENDANCE.png\" \/><\/a><\/div><\/div><div class=\"n2-ss-layer n2-ow slider-tendances n-uc-14e1d3760a49b\" data-pm=\"normal\" data-sstype=\"layer\"><div id=\"n2-ss-9item6\" class=\"  n2-ss-item-content n2-ss-text n2-ow\" style=\"display:block;\"><a class=\"n2-ow n2-font-e03ae68a091e3036295849494818d87b-hover \" style=\"display:block;\" target=\"_blank\" href=\"https:\/\/www.cub26ua.ufra.o2switch.site\/?page_id=20\">Tendances 2025<\/a><\/div><\/div><\/div><\/div><div class=\"n2-ss-layer n2-ow n-uc-1877b0bc134ab\" data-pm=\"default\" data-href=\"https:\/\/www.cub26ua.ufra.o2switch.site\/?page_id=22\" tabindex=\"0\" role=\"button\" data-target=\"_blank\" data-n2click=\"url\" data-force-pointer=\"\" data-sstype=\"col\"><div class=\"n2-ss-layer-col n2-ss-layer-with-background n2-ss-layer-content n-uc-1877b0bc134ab-inner\"><div class=\"n2-ss-layer n2-ow n-uc-129412dc04eeb\" data-pm=\"normal\" data-sstype=\"layer\"><div class=\" n2-ss-item-image-content n2-ss-item-content n2-ow-all\"><a target=\"_blank\" href=\"https:\/\/www.cub26ua.ufra.o2switch.site\/?page_id=22\"><img loading=\"lazy\" decoding=\"async\" id=\"n2-ss-9item7\" alt=\"\" class=\"skip-lazy\" width=\"500\" height=\"500\" data-skip-lazy=\"1\" src=\"\/\/www.cub26ua.ufra.o2switch.site\/wp-content\/uploads\/2025\/03\/CONSEIL.png\" \/><\/a><\/div><\/div><div class=\"n2-ss-layer n2-ow slider-conseils n-uc-1cb9231a1c641\" data-pm=\"normal\" data-sstype=\"layer\"><div id=\"n2-ss-9item8\" class=\"  n2-ss-item-content n2-ss-text n2-ow\" style=\"display:block;\"><a class=\"n2-ow n2-font-e03ae68a091e3036295849494818d87b-hover \" style=\"display:block;\" target=\"_blank\" href=\"https:\/\/www.cub26ua.ufra.o2switch.site\/?page_id=22\">Nos conseils et astuces<\/a><\/div><\/div><\/div><\/div><\/div><\/div><\/div><\/div><\/div><\/div><\/div><\/div>                <\/div>\n                            <\/div>\n        <\/div>\n        <\/div><ss3-loader><\/ss3-loader><\/div><\/div><div class=\"n2_clear\"><\/div><\/div>\n\n\n<style>\n    .custom-separator {\n        display: flex;\n        align-items: center;\n        justify-content: center;\n        padding: 40px 0; \/* Ajoute de l'espace au-dessus et en dessous *\/\n    }\n    .custom-separator span {\n        width: 12px;\n        height: 12px;\n        background-color: #ff66c4;\n        border-radius: 50%;\n    }\n    .custom-separator hr {\n        width: 500px; \/* Longueur de la ligne *\/\n        border: none;\n        height: 2px;\n        background-color: #ff66c4;\n        margin: 0; \/* Emp\u00eache l'espace entre la ligne et les cercles *\/\n    }\n<\/style>\n\n<div class=\"custom-separator\">\n    <span><\/span> <!-- Cercle gauche -->\n    <hr>\n    <span><\/span> <!-- Cercle droit -->\n<\/div>\n\n\n\n<div class=\"wp-block-media-text is-stacked-on-mobile\" style=\"grid-template-columns:33% auto\"><figure class=\"wp-block-media-text__media\"><a href=\"https:\/\/www.cub26ua.ufra.o2switch.site\/?page_id=24\" target=\"_blank\" rel=\"Page-Contact\"><img loading=\"lazy\" decoding=\"async\" width=\"500\" height=\"407\" src=\"https:\/\/www.cub26ua.ufra.o2switch.site\/wp-content\/uploads\/2025\/03\/Contacter.png\" alt=\"\" class=\"wp-image-756 size-full\" srcset=\"https:\/\/www.cub26ua.ufra.o2switch.site\/wp-content\/uploads\/2025\/03\/Contacter.png 500w, https:\/\/www.cub26ua.ufra.o2switch.site\/wp-content\/uploads\/2025\/03\/Contacter-300x244.png 300w, https:\/\/www.cub26ua.ufra.o2switch.site\/wp-content\/uploads\/2025\/03\/Contacter-200x163.png 200w\" sizes=\"auto, (max-width: 500px) 100vw, 500px\" \/><\/a><\/figure><div class=\"wp-block-media-text__content\">\n<h2 class=\"wp-block-heading\">Un besoin ? Une interrogation ? Ou un message \u00e0 nous laisser ?<\/h2>\n\n\n\n<p>Contactez-nous sans plus tarder via notre formulaire.<\/p>\n\n\n\n<div class=\"wp-block-buttons is-layout-flex wp-block-buttons-is-layout-flex\">\n<div class=\"wp-block-button is-style-outline is-style-outline--3\"><a class=\"wp-block-button__link wp-element-button\" href=\"https:\/\/www.cub26ua.ufra.o2switch.site\/?page_id=24\" style=\"border-radius:5px\" target=\"_blank\" rel=\"noreferrer noopener\">Nous contacter<\/a><\/div>\n<\/div>\n<\/div><\/div>\n\n\n\n<style>\n    .custom-separator {\n        display: flex;\n        align-items: center;\n        justify-content: center;\n    }\n    .custom-separator span {\n        width: 12px;\n        height: 12px;\n        background-color: #ff66c4;\n        border-radius: 50%;\n    }\n    .custom-separator hr {\n        width: 500px; \/* Longueur de la ligne *\/\n        border: none;\n        height: 2px;\n        background-color: #ff66c4;\n        margin: 0; \/* Emp\u00eache l'espace entre la ligne et les cercles *\/\n    }\n<\/style>\n\n<div class=\"custom-separator\">\n    <span><\/span> <!-- Cercle gauche -->\n    <hr>\n    <span><\/span> <!-- Cercle droit -->\n<\/div>\n","protected":false},"excerpt":{"rendered":"<p>Acc\u00e9l\u00e9rez votre croissance digitaleen optimisant vos strat\u00e9gies en ligne !<\/p>\n","protected":false},"author":1,"featured_media":0,"parent":0,"menu_order":0,"comment_status":"open","ping_status":"closed","template":"","meta":{"footnotes":""},"class_list":["post-9","page","type-page","status-publish","hentry"],"yoast_head":"<!-- This site is optimized with the Yoast SEO plugin v27.5 - https:\/\/yoast.com\/product\/yoast-seo-wordpress\/ -->\n<title>ACCUEIL - DigiLab<\/title>\n<meta name=\"robots\" content=\"index, follow, max-snippet:-1, max-image-preview:large, max-video-preview:-1\" \/>\n<link rel=\"canonical\" href=\"https:\/\/www.cub26ua.ufra.o2switch.site\/\" \/>\n<meta property=\"og:locale\" content=\"fr_FR\" \/>\n<meta property=\"og:type\" content=\"article\" \/>\n<meta property=\"og:title\" content=\"ACCUEIL - DigiLab\" \/>\n<meta property=\"og:description\" content=\"Acc\u00e9l\u00e9rez votre croissance digitaleen optimisant vos strat\u00e9gies en ligne !\" \/>\n<meta property=\"og:url\" content=\"https:\/\/www.cub26ua.ufra.o2switch.site\/\" \/>\n<meta property=\"og:site_name\" content=\"DigiLab\" \/>\n<meta property=\"article:modified_time\" content=\"2025-03-16T20:18:41+00:00\" \/>\n<meta property=\"og:image\" content=\"https:\/\/www.cub26ua.ufra.o2switch.site\/wp-content\/uploads\/2025\/03\/Croissance.png\" \/>\n\t<meta property=\"og:image:width\" content=\"500\" \/>\n\t<meta property=\"og:image:height\" content=\"346\" \/>\n\t<meta property=\"og:image:type\" content=\"image\/png\" \/>\n<meta name=\"twitter:card\" content=\"summary_large_image\" \/>\n<meta name=\"twitter:label1\" content=\"Dur\u00e9e de lecture estim\u00e9e\" \/>\n\t<meta name=\"twitter:data1\" content=\"2 minutes\" \/>\n<script type=\"application\/ld+json\" class=\"yoast-schema-graph\">{\"@context\":\"https:\\\/\\\/schema.org\",\"@graph\":[{\"@type\":\"WebPage\",\"@id\":\"https:\\\/\\\/www.cub26ua.ufra.o2switch.site\\\/\",\"url\":\"https:\\\/\\\/www.cub26ua.ufra.o2switch.site\\\/\",\"name\":\"ACCUEIL - DigiLab\",\"isPartOf\":{\"@id\":\"https:\\\/\\\/www.cub26ua.ufra.o2switch.site\\\/#website\"},\"primaryImageOfPage\":{\"@id\":\"https:\\\/\\\/www.cub26ua.ufra.o2switch.site\\\/#primaryimage\"},\"image\":{\"@id\":\"https:\\\/\\\/www.cub26ua.ufra.o2switch.site\\\/#primaryimage\"},\"thumbnailUrl\":\"https:\\\/\\\/www.cub26ua.ufra.o2switch.site\\\/wp-content\\\/uploads\\\/2025\\\/03\\\/Croissance.png\",\"datePublished\":\"2025-03-02T16:48:25+00:00\",\"dateModified\":\"2025-03-16T20:18:41+00:00\",\"breadcrumb\":{\"@id\":\"https:\\\/\\\/www.cub26ua.ufra.o2switch.site\\\/#breadcrumb\"},\"inLanguage\":\"fr-FR\",\"potentialAction\":[{\"@type\":\"ReadAction\",\"target\":[\"https:\\\/\\\/www.cub26ua.ufra.o2switch.site\\\/\"]}]},{\"@type\":\"ImageObject\",\"inLanguage\":\"fr-FR\",\"@id\":\"https:\\\/\\\/www.cub26ua.ufra.o2switch.site\\\/#primaryimage\",\"url\":\"https:\\\/\\\/www.cub26ua.ufra.o2switch.site\\\/wp-content\\\/uploads\\\/2025\\\/03\\\/Croissance.png\",\"contentUrl\":\"https:\\\/\\\/www.cub26ua.ufra.o2switch.site\\\/wp-content\\\/uploads\\\/2025\\\/03\\\/Croissance.png\",\"width\":500,\"height\":346,\"caption\":\"Homme qui monte une \u00e9chelle pour atteindre une coupe victorieuse.\"},{\"@type\":\"BreadcrumbList\",\"@id\":\"https:\\\/\\\/www.cub26ua.ufra.o2switch.site\\\/#breadcrumb\",\"itemListElement\":[{\"@type\":\"ListItem\",\"position\":1,\"name\":\"Accueil\",\"item\":\"https:\\\/\\\/www.cub26ua.ufra.o2switch.site\\\/\"},{\"@type\":\"ListItem\",\"position\":2,\"name\":\"ACCUEIL\"}]},{\"@type\":\"WebSite\",\"@id\":\"https:\\\/\\\/www.cub26ua.ufra.o2switch.site\\\/#website\",\"url\":\"https:\\\/\\\/www.cub26ua.ufra.o2switch.site\\\/\",\"name\":\"DigiLab\",\"description\":\"\",\"potentialAction\":[{\"@type\":\"SearchAction\",\"target\":{\"@type\":\"EntryPoint\",\"urlTemplate\":\"https:\\\/\\\/www.cub26ua.ufra.o2switch.site\\\/?s={search_term_string}\"},\"query-input\":{\"@type\":\"PropertyValueSpecification\",\"valueRequired\":true,\"valueName\":\"search_term_string\"}}],\"inLanguage\":\"fr-FR\"}]}<\/script>\n<!-- \/ Yoast SEO plugin. -->","yoast_head_json":{"title":"ACCUEIL - DigiLab","robots":{"index":"index","follow":"follow","max-snippet":"max-snippet:-1","max-image-preview":"max-image-preview:large","max-video-preview":"max-video-preview:-1"},"canonical":"https:\/\/www.cub26ua.ufra.o2switch.site\/","og_locale":"fr_FR","og_type":"article","og_title":"ACCUEIL - DigiLab","og_description":"Acc\u00e9l\u00e9rez votre croissance digitaleen optimisant vos strat\u00e9gies en ligne !","og_url":"https:\/\/www.cub26ua.ufra.o2switch.site\/","og_site_name":"DigiLab","article_modified_time":"2025-03-16T20:18:41+00:00","og_image":[{"width":500,"height":346,"url":"https:\/\/www.cub26ua.ufra.o2switch.site\/wp-content\/uploads\/2025\/03\/Croissance.png","type":"image\/png"}],"twitter_card":"summary_large_image","twitter_misc":{"Dur\u00e9e de lecture estim\u00e9e":"2 minutes"},"schema":{"@context":"https:\/\/schema.org","@graph":[{"@type":"WebPage","@id":"https:\/\/www.cub26ua.ufra.o2switch.site\/","url":"https:\/\/www.cub26ua.ufra.o2switch.site\/","name":"ACCUEIL - DigiLab","isPartOf":{"@id":"https:\/\/www.cub26ua.ufra.o2switch.site\/#website"},"primaryImageOfPage":{"@id":"https:\/\/www.cub26ua.ufra.o2switch.site\/#primaryimage"},"image":{"@id":"https:\/\/www.cub26ua.ufra.o2switch.site\/#primaryimage"},"thumbnailUrl":"https:\/\/www.cub26ua.ufra.o2switch.site\/wp-content\/uploads\/2025\/03\/Croissance.png","datePublished":"2025-03-02T16:48:25+00:00","dateModified":"2025-03-16T20:18:41+00:00","breadcrumb":{"@id":"https:\/\/www.cub26ua.ufra.o2switch.site\/#breadcrumb"},"inLanguage":"fr-FR","potentialAction":[{"@type":"ReadAction","target":["https:\/\/www.cub26ua.ufra.o2switch.site\/"]}]},{"@type":"ImageObject","inLanguage":"fr-FR","@id":"https:\/\/www.cub26ua.ufra.o2switch.site\/#primaryimage","url":"https:\/\/www.cub26ua.ufra.o2switch.site\/wp-content\/uploads\/2025\/03\/Croissance.png","contentUrl":"https:\/\/www.cub26ua.ufra.o2switch.site\/wp-content\/uploads\/2025\/03\/Croissance.png","width":500,"height":346,"caption":"Homme qui monte une \u00e9chelle pour atteindre une coupe victorieuse."},{"@type":"BreadcrumbList","@id":"https:\/\/www.cub26ua.ufra.o2switch.site\/#breadcrumb","itemListElement":[{"@type":"ListItem","position":1,"name":"Accueil","item":"https:\/\/www.cub26ua.ufra.o2switch.site\/"},{"@type":"ListItem","position":2,"name":"ACCUEIL"}]},{"@type":"WebSite","@id":"https:\/\/www.cub26ua.ufra.o2switch.site\/#website","url":"https:\/\/www.cub26ua.ufra.o2switch.site\/","name":"DigiLab","description":"","potentialAction":[{"@type":"SearchAction","target":{"@type":"EntryPoint","urlTemplate":"https:\/\/www.cub26ua.ufra.o2switch.site\/?s={search_term_string}"},"query-input":{"@type":"PropertyValueSpecification","valueRequired":true,"valueName":"search_term_string"}}],"inLanguage":"fr-FR"}]}},"_links":{"self":[{"href":"https:\/\/www.cub26ua.ufra.o2switch.site\/index.php?rest_route=\/wp\/v2\/pages\/9","targetHints":{"allow":["GET"]}}],"collection":[{"href":"https:\/\/www.cub26ua.ufra.o2switch.site\/index.php?rest_route=\/wp\/v2\/pages"}],"about":[{"href":"https:\/\/www.cub26ua.ufra.o2switch.site\/index.php?rest_route=\/wp\/v2\/types\/page"}],"author":[{"embeddable":true,"href":"https:\/\/www.cub26ua.ufra.o2switch.site\/index.php?rest_route=\/wp\/v2\/users\/1"}],"replies":[{"embeddable":true,"href":"https:\/\/www.cub26ua.ufra.o2switch.site\/index.php?rest_route=%2Fwp%2Fv2%2Fcomments&post=9"}],"version-history":[{"count":76,"href":"https:\/\/www.cub26ua.ufra.o2switch.site\/index.php?rest_route=\/wp\/v2\/pages\/9\/revisions"}],"predecessor-version":[{"id":1098,"href":"https:\/\/www.cub26ua.ufra.o2switch.site\/index.php?rest_route=\/wp\/v2\/pages\/9\/revisions\/1098"}],"wp:attachment":[{"href":"https:\/\/www.cub26ua.ufra.o2switch.site\/index.php?rest_route=%2Fwp%2Fv2%2Fmedia&parent=9"}],"curies":[{"name":"wp","href":"https:\/\/api.w.org\/{rel}","templated":true}]}}